{"id":92,"date":"2015-03-14T15:53:58","date_gmt":"2015-03-14T14:53:58","guid":{"rendered":"http:\/\/192.168.178.57\/wordpress\/?page_id=92"},"modified":"2024-11-27T09:54:43","modified_gmt":"2024-11-27T08:54:43","slug":"1-herrenmannschaft","status":"publish","type":"page","link":"http:\/\/gws1930.de\/SVGWS\/?page_id=92","title":{"rendered":"1. Herrenmannschaft"},"content":{"rendered":"<p>&nbsp;<\/p>\n<h3>Vorstellung der Mannschaft: SV Gr\u00fcn-Weiss Schaufenberg 1930 e.V.<\/h3>\n<p>Der <strong>SV Gr\u00fcn-Weiss Schaufenberg 1930 e.V.<\/strong> ist eine traditionsreiche Fu\u00dfballmannschaft, die seit ihrer Gr\u00fcndung ein fester Bestandteil des regionalen Sports ist. Die Mannschaft spielt in der <strong>Kreisklasse C Staffel 1<\/strong> und begeistert ihre Fans regelm\u00e4\u00dfig mit Leidenschaft, Teamgeist und ehrlichem Fu\u00dfball.<\/p>\n<p>Unter der Leitung von Trainer <strong>Oliver Burghardt<\/strong>, der gro\u00dfen Wert auf Disziplin, Einsatz und die Weiterentwicklung seiner Spieler legt, hat sich das Team in der Liga etabliert. Mit seiner Erfahrung und taktischen Finesse f\u00fchrt er die Spieler von Gr\u00fcn-Weiss durch die Herausforderungen der Saison.<\/p>\n<p>Das Team wird angef\u00fchrt von <strong>Kapit\u00e4n Daniel Burghardt<\/strong>. Ihm zur Seite steht der <strong>zweite Kapit\u00e4n Samir Barrak<\/strong>,. Gemeinsam bilden sie ein starkes F\u00fchrungsduo, das das Team motiviert und zusammenh\u00e4lt.<\/p>\n<p>Nicht zu vergessen sind nat\u00fcrlich <strong>alle Spieler<\/strong>, die Woche f\u00fcr Woche alles auf dem Platz geben. Jeder Einzelne tr\u00e4gt mit seiner Leistung und seinem Einsatz dazu bei, dass die Mannschaft als Einheit auftritt und erfolgreich ist. Ohne sie w\u00e4re der SV Gr\u00fcn-Weiss nicht das, was er ist \u2013 eine eingeschworene Truppe.<\/p>\n<p>Der SV Gr\u00fcn-Weiss Schaufenberg ist mehr als nur ein Fu\u00dfballverein \u2013 er ist ein wichtiger Teil der Gemeinschaft. Mit einem starken Team und engagierten Spielern blickt der Verein motiviert in die Zukunft und ist bereit, jede Herausforderung anzunehmen.<\/p>\n<p><a href=\"http:\/\/gws1930.de\/SVGWS\/wp-content\/uploads\/2024\/11\/Foto-02.06.24-10-42-14.jpg\"><img loading=\"lazy\" decoding=\"async\" class=\"alignnone  wp-image-2045\" src=\"http:\/\/gws1930.de\/SVGWS\/wp-content\/uploads\/2024\/11\/Foto-02.06.24-10-42-14-300x200.jpg\" alt=\"\" width=\"502\" height=\"334\" srcset=\"http:\/\/gws1930.de\/SVGWS\/wp-content\/uploads\/2024\/11\/Foto-02.06.24-10-42-14-300x200.jpg 300w, http:\/\/gws1930.de\/SVGWS\/wp-content\/uploads\/2024\/11\/Foto-02.06.24-10-42-14-1024x684.jpg 1024w, http:\/\/gws1930.de\/SVGWS\/wp-content\/uploads\/2024\/11\/Foto-02.06.24-10-42-14-768x513.jpg 768w, http:\/\/gws1930.de\/SVGWS\/wp-content\/uploads\/2024\/11\/Foto-02.06.24-10-42-14-1536x1026.jpg 1536w, http:\/\/gws1930.de\/SVGWS\/wp-content\/uploads\/2024\/11\/Foto-02.06.24-10-42-14.jpg 1600w\" sizes=\"auto, (max-width: 502px) 100vw, 502px\" \/><\/a><\/p>\n\n\n\n\n\n\n<p><a href=\"http:\/\/gws1930.de\/SVGWS\/wp-content\/uploads\/2024\/11\/Foto-08.09.24-14-24-52-scaled.jpg\"><img loading=\"lazy\" decoding=\"async\" class=\"alignnone  wp-image-2048\" src=\"http:\/\/gws1930.de\/SVGWS\/wp-content\/uploads\/2024\/11\/Foto-08.09.24-14-24-52-300x200.jpg\" alt=\"\" width=\"512\" height=\"341\" srcset=\"http:\/\/gws1930.de\/SVGWS\/wp-content\/uploads\/2024\/11\/Foto-08.09.24-14-24-52-300x200.jpg 300w, http:\/\/gws1930.de\/SVGWS\/wp-content\/uploads\/2024\/11\/Foto-08.09.24-14-24-52-1024x683.jpg 1024w, http:\/\/gws1930.de\/SVGWS\/wp-content\/uploads\/2024\/11\/Foto-08.09.24-14-24-52-768x512.jpg 768w, http:\/\/gws1930.de\/SVGWS\/wp-content\/uploads\/2024\/11\/Foto-08.09.24-14-24-52-1536x1024.jpg 1536w, http:\/\/gws1930.de\/SVGWS\/wp-content\/uploads\/2024\/11\/Foto-08.09.24-14-24-52-2048x1365.jpg 2048w\" sizes=\"auto, (max-width: 512px) 100vw, 512px\" \/><\/a><\/p>\n","protected":false},"excerpt":{"rendered":"<p>&nbsp; Vorstellung der Mannschaft: SV Gr\u00fcn-Weiss Schaufenberg 1930 e.V. Der SV Gr\u00fcn-Weiss Schaufenberg 1930 e.V. ist eine traditionsreiche Fu\u00dfballmannschaft, die seit ihrer Gr\u00fcndung ein fester Bestandteil des regionalen Sports ist. Die Mannschaft spielt in der Kreisklasse C Staffel 1 und begeistert ihre Fans regelm\u00e4\u00dfig mit Leidenschaft, Teamgeist und ehrlichem Fu\u00dfball. Unter der Leitung von Trainer &hellip; <a href=\"http:\/\/gws1930.de\/SVGWS\/?page_id=92\" class=\"more-link\"><span class=\"screen-reader-text\">1. Herrenmannschaft<\/span> weiterlesen <span class=\"meta-nav\">&rarr;<\/span><\/a><\/p>\n","protected":false},"author":1,"featured_media":0,"parent":0,"menu_order":0,"comment_status":"closed","ping_status":"closed","template":"","meta":{"ngg_post_thumbnail":0,"footnotes":""},"class_list":["post-92","page","type-page","status-publish","hentry"],"_links":{"self":[{"href":"http:\/\/gws1930.de\/SVGWS\/index.php?rest_route=\/wp\/v2\/pages\/92","targetHints":{"allow":["GET"]}}],"collection":[{"href":"http:\/\/gws1930.de\/SVGWS\/index.php?rest_route=\/wp\/v2\/pages"}],"about":[{"href":"http:\/\/gws1930.de\/SVGWS\/index.php?rest_route=\/wp\/v2\/types\/page"}],"author":[{"embeddable":true,"href":"http:\/\/gws1930.de\/SVGWS\/index.php?rest_route=\/wp\/v2\/users\/1"}],"replies":[{"embeddable":true,"href":"http:\/\/gws1930.de\/SVGWS\/index.php?rest_route=%2Fwp%2Fv2%2Fcomments&post=92"}],"version-history":[{"count":76,"href":"http:\/\/gws1930.de\/SVGWS\/index.php?rest_route=\/wp\/v2\/pages\/92\/revisions"}],"predecessor-version":[{"id":2049,"href":"http:\/\/gws1930.de\/SVGWS\/index.php?rest_route=\/wp\/v2\/pages\/92\/revisions\/2049"}],"wp:attachment":[{"href":"http:\/\/gws1930.de\/SVGWS\/index.php?rest_route=%2Fwp%2Fv2%2Fmedia&parent=92"}],"curies":[{"name":"wp","href":"https:\/\/api.w.org\/{rel}","templated":true}]}}