{"id":44,"date":"2015-03-14T14:37:53","date_gmt":"2015-03-14T13:37:53","guid":{"rendered":"http:\/\/192.168.178.57\/wordpress\/?page_id=44"},"modified":"2024-03-25T14:27:35","modified_gmt":"2024-03-25T13:27:35","slug":"impressum","status":"publish","type":"page","link":"http:\/\/gws1930.de\/SVGWS\/?page_id=44","title":{"rendered":"Impressum"},"content":{"rendered":"<p><b>Impressum<\/b><\/p>\n<p><strong>Herausgeber:<\/strong><\/p>\n<p>SV Gr\u00fcn-Weiss Schaufenberg 1930 e.V.<\/p>\n<p>Hauptverein<\/p>\n<p>Weiherstra\u00dfe 12<\/p>\n<p>41836 H\u00fcckelhoven<\/p>\n<p>Deutschland\/NRW<\/p>\n<p><a href=\"mailto:gf@gws1930.de\">gf@gws1930.de<\/a><\/p>\n<p><strong>1.Vorsitzender:<\/strong> Daniel Fronczkowski<br \/>\n<strong>1.Gesch\u00e4ftsf\u00fchrer:<\/strong>&nbsp; Patrick Smith<\/p>\n<p><strong>Inhaltlich verantwortlich im Sinne des Teledienstegesetzes (TDG) und des Mediendienststaatsvertrages (MDStV):<\/strong><\/p>\n<p>Daniel Fronczkowski<br \/>\nHeerstr. 39<br \/>\n41836 H\u00fcckelhoven<\/p>\n<p><strong>Redaktion:<\/strong><br \/>\nSascha Grafm\u00fcller<\/p>\n<p><strong>Vereinsregister:<\/strong><\/p>\n<p><strong>Eintragung<\/strong> im Registergericht: M\u00f6nchengladbach Registernummer: VR 3950<\/p>\n<p><strong>Steuer-ID:&nbsp;<\/strong> 208\/5791\/0449<\/p>\n<p><strong>Anschrift Vereinsheim:<\/strong><\/p>\n<p>Sportplatz Schaufenberg<br \/>\nZum Sportplatz<br \/>\n41836 H\u00fcckelhoven-Schaufenberg<\/p>\n<p>Tel.: 02433\/444477<\/p>\n","protected":false},"excerpt":{"rendered":"<p>Impressum Herausgeber: SV Gr\u00fcn-Weiss Schaufenberg 1930 e.V. Hauptverein Weiherstra\u00dfe 12 41836 H\u00fcckelhoven Deutschland\/NRW gf@gws1930.de 1.Vorsitzender: Daniel Fronczkowski 1.Gesch\u00e4ftsf\u00fchrer:&nbsp; Patrick Smith Inhaltlich verantwortlich im Sinne des Teledienstegesetzes (TDG) und des Mediendienststaatsvertrages (MDStV): Daniel Fronczkowski Heerstr. 39 41836 H\u00fcckelhoven Redaktion: Sascha Grafm\u00fcller Vereinsregister: Eintragung im Registergericht: M\u00f6nchengladbach Registernummer: VR 3950 Steuer-ID:&nbsp; 208\/5791\/0449 Anschrift Vereinsheim: Sportplatz Schaufenberg Zum &hellip; <a href=\"http:\/\/gws1930.de\/SVGWS\/?page_id=44\" class=\"more-link\"><span class=\"screen-reader-text\">Impressum<\/span> weiterlesen <span class=\"meta-nav\">&rarr;<\/span><\/a><\/p>\n","protected":false},"author":1,"featured_media":0,"parent":0,"menu_order":0,"comment_status":"closed","ping_status":"closed","template":"","meta":{"ngg_post_thumbnail":0,"footnotes":""},"class_list":["post-44","page","type-page","status-publish","hentry"],"_links":{"self":[{"href":"http:\/\/gws1930.de\/SVGWS\/index.php?rest_route=\/wp\/v2\/pages\/44","targetHints":{"allow":["GET"]}}],"collection":[{"href":"http:\/\/gws1930.de\/SVGWS\/index.php?rest_route=\/wp\/v2\/pages"}],"about":[{"href":"http:\/\/gws1930.de\/SVGWS\/index.php?rest_route=\/wp\/v2\/types\/page"}],"author":[{"embeddable":true,"href":"http:\/\/gws1930.de\/SVGWS\/index.php?rest_route=\/wp\/v2\/users\/1"}],"replies":[{"embeddable":true,"href":"http:\/\/gws1930.de\/SVGWS\/index.php?rest_route=%2Fwp%2Fv2%2Fcomments&post=44"}],"version-history":[{"count":4,"href":"http:\/\/gws1930.de\/SVGWS\/index.php?rest_route=\/wp\/v2\/pages\/44\/revisions"}],"predecessor-version":[{"id":1812,"href":"http:\/\/gws1930.de\/SVGWS\/index.php?rest_route=\/wp\/v2\/pages\/44\/revisions\/1812"}],"wp:attachment":[{"href":"http:\/\/gws1930.de\/SVGWS\/index.php?rest_route=%2Fwp%2Fv2%2Fmedia&parent=44"}],"curies":[{"name":"wp","href":"https:\/\/api.w.org\/{rel}","templated":true}]}}