{"id":2269,"date":"2024-12-13T13:43:25","date_gmt":"2024-12-13T12:43:25","guid":{"rendered":"http:\/\/gws1930.de\/SVGWS\/?page_id=2269"},"modified":"2025-06-11T09:35:44","modified_gmt":"2025-06-11T07:35:44","slug":"vorstand-2","status":"publish","type":"page","link":"http:\/\/gws1930.de\/SVGWS\/?page_id=2269","title":{"rendered":"Vorstand"},"content":{"rendered":"<table style=\"border-collapse: collapse; width: 98.9487%; height: 646px;\">\n<tbody>\n<tr style=\"height: 30px;\">\n<td style=\"width: 33.0677%; height: 30px; text-align: center;\"><strong>1. Vorsitzender&nbsp;<\/strong><\/td>\n<td style=\"width: 33.0677%; height: 30px; text-align: center;\"><strong>1. Gesch\u00e4ftsf\u00fchrer<\/strong><\/td>\n<td style=\"width: 2.98805%; height: 30px; text-align: center;\"><strong>1. Kassierer<\/strong><\/td>\n<\/tr>\n<tr style=\"height: 292px;\">\n<td style=\"width: 33.0677%; height: 292px;\"><a href=\"http:\/\/gws1930.de\/SVGWS\/wp-content\/uploads\/2024\/12\/IMG_E54291-scaled.jpg\"><img loading=\"lazy\" decoding=\"async\" class=\"alignnone size-medium wp-image-2262\" src=\"http:\/\/gws1930.de\/SVGWS\/wp-content\/uploads\/2024\/12\/IMG_E54291-212x300.jpg\" alt=\"\" width=\"212\" height=\"300\" srcset=\"http:\/\/gws1930.de\/SVGWS\/wp-content\/uploads\/2024\/12\/IMG_E54291-212x300.jpg 212w, http:\/\/gws1930.de\/SVGWS\/wp-content\/uploads\/2024\/12\/IMG_E54291-724x1024.jpg 724w, http:\/\/gws1930.de\/SVGWS\/wp-content\/uploads\/2024\/12\/IMG_E54291-768x1086.jpg 768w, http:\/\/gws1930.de\/SVGWS\/wp-content\/uploads\/2024\/12\/IMG_E54291-1086x1536.jpg 1086w, http:\/\/gws1930.de\/SVGWS\/wp-content\/uploads\/2024\/12\/IMG_E54291-1448x2048.jpg 1448w, http:\/\/gws1930.de\/SVGWS\/wp-content\/uploads\/2024\/12\/IMG_E54291-scaled.jpg 1810w\" sizes=\"auto, (max-width: 212px) 100vw, 212px\" \/><\/a><\/td>\n<td style=\"width: 33.0677%; height: 292px;\"><a href=\"http:\/\/gws1930.de\/SVGWS\/wp-content\/uploads\/2024\/12\/IMG_E54311-scaled.jpg\"><img loading=\"lazy\" decoding=\"async\" class=\"alignnone size-medium wp-image-2263\" src=\"http:\/\/gws1930.de\/SVGWS\/wp-content\/uploads\/2024\/12\/IMG_E54311-210x300.jpg\" alt=\"\" width=\"210\" height=\"300\" srcset=\"http:\/\/gws1930.de\/SVGWS\/wp-content\/uploads\/2024\/12\/IMG_E54311-210x300.jpg 210w, http:\/\/gws1930.de\/SVGWS\/wp-content\/uploads\/2024\/12\/IMG_E54311-717x1024.jpg 717w, http:\/\/gws1930.de\/SVGWS\/wp-content\/uploads\/2024\/12\/IMG_E54311-768x1097.jpg 768w, http:\/\/gws1930.de\/SVGWS\/wp-content\/uploads\/2024\/12\/IMG_E54311-1076x1536.jpg 1076w, http:\/\/gws1930.de\/SVGWS\/wp-content\/uploads\/2024\/12\/IMG_E54311-1434x2048.jpg 1434w, http:\/\/gws1930.de\/SVGWS\/wp-content\/uploads\/2024\/12\/IMG_E54311-scaled.jpg 1793w\" sizes=\"auto, (max-width: 210px) 100vw, 210px\" \/><\/a><\/td>\n<td style=\"width: 2.98805%; height: 292px;\"><a href=\"http:\/\/gws1930.de\/SVGWS\/wp-content\/uploads\/2024\/12\/IMG_E54341-scaled.jpg\"><img loading=\"lazy\" decoding=\"async\" class=\"alignnone  wp-image-2265\" src=\"http:\/\/gws1930.de\/SVGWS\/wp-content\/uploads\/2024\/12\/IMG_E54341-187x300.jpg\" alt=\"\" width=\"125\" height=\"200\" srcset=\"http:\/\/gws1930.de\/SVGWS\/wp-content\/uploads\/2024\/12\/IMG_E54341-187x300.jpg 187w, http:\/\/gws1930.de\/SVGWS\/wp-content\/uploads\/2024\/12\/IMG_E54341-639x1024.jpg 639w, http:\/\/gws1930.de\/SVGWS\/wp-content\/uploads\/2024\/12\/IMG_E54341-768x1230.jpg 768w, http:\/\/gws1930.de\/SVGWS\/wp-content\/uploads\/2024\/12\/IMG_E54341-959x1536.jpg 959w, http:\/\/gws1930.de\/SVGWS\/wp-content\/uploads\/2024\/12\/IMG_E54341-1279x2048.jpg 1279w, http:\/\/gws1930.de\/SVGWS\/wp-content\/uploads\/2024\/12\/IMG_E54341-scaled.jpg 1598w\" sizes=\"auto, (max-width: 125px) 100vw, 125px\" \/><\/a><\/td>\n<\/tr>\n<tr style=\"height: 30px;\">\n<td style=\"width: 33.0677%; height: 30px;\">Daniel Fronczkowski<\/td>\n<td style=\"width: 33.0677%; height: 30px;\">Patrick&nbsp; Smith&nbsp;<\/td>\n<td style=\"width: 2.98805%; height: 30px;\">Alex Klosa&nbsp;<\/td>\n<\/tr>\n<tr style=\"height: 30px;\">\n<td style=\"width: 33.0677%; height: 30px;\">Heerstr\u00dfe 9<\/td>\n<td style=\"width: 33.0677%; height: 30px;\">Weiherstra\u00dfe 12<\/td>\n<td style=\"width: 2.98805%; height: 30px;\">Dechant-Frenken-Weg<\/td>\n<\/tr>\n<tr style=\"height: 30px;\">\n<td style=\"width: 33.0677%; height: 30px;\">41836 H\u00fcckelhoven&nbsp;<\/td>\n<td style=\"width: 33.0677%; height: 30px;\">41836 H\u00fcckelhoven&nbsp;<\/td>\n<td style=\"width: 2.98805%; height: 30px;\">41836 H\u00fcckelhoven<\/td>\n<\/tr>\n<tr style=\"height: 30px;\">\n<td style=\"width: 33.0677%; height: 30px;\">0157\/86797948<\/td>\n<td style=\"width: 33.0677%; height: 30px;\">0172\/2396596<\/td>\n<td style=\"width: 2.98805%; height: 30px;\">&nbsp;<\/td>\n<\/tr>\n<tr style=\"height: 30px;\">\n<td style=\"width: 33.0677%; height: 30px;\">1v@gws1930.de<\/td>\n<td style=\"width: 33.0677%; height: 30px;\">gf@gws1930.de<\/td>\n<td style=\"width: 2.98805%; height: 30px;\">kassierer@gws1930.de<\/td>\n<\/tr>\n<\/tbody>\n<\/table>\n\n\n<table style=\"border-collapse: collapse; width: 99.2064%; height: 475px;\">\n<tbody>\n<tr style=\"height: 23px;\">\n<td style=\"width: 33.3333%; text-align: center; height: 23px;\"><strong>2. Vorsitzender&nbsp;<\/strong><\/td>\n<td style=\"width: 33.3333%; text-align: center; height: 23px;\"><strong>2. Gesch\u00e4ftsf\u00fchrer<\/strong><\/td>\n<td style=\"width: 33.3333%; text-align: center; height: 23px;\"><strong>2. Kassierer&nbsp;<\/strong><\/td>\n<\/tr>\n<tr style=\"height: 278px;\">\n<td style=\"width: 33.3333%; height: 278px;\">&nbsp;<\/td>\n<td style=\"width: 33.3333%; height: 278px;\"><a href=\"http:\/\/gws1930.de\/SVGWS\/wp-content\/uploads\/2024\/12\/IMG_E54301-scaled.jpg\"><img loading=\"lazy\" decoding=\"async\" class=\"alignnone size-medium wp-image-2266\" src=\"http:\/\/gws1930.de\/SVGWS\/wp-content\/uploads\/2024\/12\/IMG_E54301-222x300.jpg\" alt=\"\" width=\"222\" height=\"300\" srcset=\"http:\/\/gws1930.de\/SVGWS\/wp-content\/uploads\/2024\/12\/IMG_E54301-222x300.jpg 222w, http:\/\/gws1930.de\/SVGWS\/wp-content\/uploads\/2024\/12\/IMG_E54301-759x1024.jpg 759w, http:\/\/gws1930.de\/SVGWS\/wp-content\/uploads\/2024\/12\/IMG_E54301-768x1036.jpg 768w, http:\/\/gws1930.de\/SVGWS\/wp-content\/uploads\/2024\/12\/IMG_E54301-1138x1536.jpg 1138w, http:\/\/gws1930.de\/SVGWS\/wp-content\/uploads\/2024\/12\/IMG_E54301-1518x2048.jpg 1518w, http:\/\/gws1930.de\/SVGWS\/wp-content\/uploads\/2024\/12\/IMG_E54301-scaled.jpg 1897w\" sizes=\"auto, (max-width: 222px) 100vw, 222px\" \/><\/a><\/td>\n<td style=\"width: 33.3333%; height: 278px;\">&nbsp;<\/td>\n<\/tr>\n<tr style=\"height: 54px;\">\n<td style=\"width: 33.3333%; height: 54px;\">Domenik Flesch<\/td>\n<td style=\"width: 33.3333%; height: 54px;\">Andy Bartsch<\/td>\n<td style=\"width: 33.3333%; height: 54px;\">Sabrina van Meegdenburg<\/td>\n<\/tr>\n<tr style=\"height: 30px;\">\n<td style=\"width: 33.3333%; height: 30px;\">Graf-Gerhard-Str. 19<\/td>\n<td style=\"width: 33.3333%; height: 30px;\">Palandstra\u00dfe 57<\/td>\n<td style=\"width: 33.3333%; height: 30px;\">Kreuzbuschstra\u00dfe 11<\/td>\n<\/tr>\n<tr style=\"height: 30px;\">\n<td style=\"width: 33.3333%; height: 30px;\">41849 Wassenberg<\/td>\n<td style=\"width: 33.3333%; height: 30px;\">41836 H\u00fcckelhoven&nbsp;<\/td>\n<td style=\"width: 33.3333%; height: 30px;\">41849 Wassenberg<\/td>\n<\/tr>\n<tr style=\"height: 30px;\">\n<td style=\"width: 33.3333%; height: 30px;\">0177\/4101560<\/td>\n<td style=\"width: 33.3333%; height: 30px;\">0157\/72517060<\/td>\n<td style=\"width: 33.3333%; height: 30px;\">0232\/9650155<\/td>\n<\/tr>\n<tr style=\"height: 30px;\">\n<td style=\"width: 33.3333%; height: 30px;\">2v@gws1930.de<\/td>\n<td style=\"width: 33.3333%; height: 30px;\">gf2@gws1930.de<\/td>\n<td style=\"width: 33.3333%; height: 30px;\">kassierer2@gws1930.de<\/td>\n<\/tr>\n<\/tbody>\n<\/table>\n\n\n\n<table style=\"border-collapse: collapse; width: 34.9207%; height: 413px;\">\n<tbody>\n<tr style=\"height: 18px;\">\n<td style=\"width: 100%; text-align: center; height: 18px;\"><strong>Jugendleiter<\/strong><\/td>\n<\/tr>\n<tr style=\"height: 300px;\">\n<td style=\"width: 100%; height: 300px;\"><a href=\"http:\/\/gws1930.de\/SVGWS\/wp-content\/uploads\/2024\/12\/IMG_E54271-scaled.jpg\"><img loading=\"lazy\" decoding=\"async\" class=\"alignnone size-medium wp-image-2268\" src=\"http:\/\/gws1930.de\/SVGWS\/wp-content\/uploads\/2024\/12\/IMG_E54271-240x300.jpg\" alt=\"\" width=\"240\" height=\"300\" srcset=\"http:\/\/gws1930.de\/SVGWS\/wp-content\/uploads\/2024\/12\/IMG_E54271-240x300.jpg 240w, http:\/\/gws1930.de\/SVGWS\/wp-content\/uploads\/2024\/12\/IMG_E54271-818x1024.jpg 818w, http:\/\/gws1930.de\/SVGWS\/wp-content\/uploads\/2024\/12\/IMG_E54271-768x961.jpg 768w, http:\/\/gws1930.de\/SVGWS\/wp-content\/uploads\/2024\/12\/IMG_E54271-1227x1536.jpg 1227w, http:\/\/gws1930.de\/SVGWS\/wp-content\/uploads\/2024\/12\/IMG_E54271-1637x2048.jpg 1637w, http:\/\/gws1930.de\/SVGWS\/wp-content\/uploads\/2024\/12\/IMG_E54271-scaled.jpg 2046w\" sizes=\"auto, (max-width: 240px) 100vw, 240px\" \/><\/a><\/td>\n<\/tr>\n<tr style=\"height: 18px;\">\n<td style=\"width: 100%; height: 18px;\">Sascha Grafm\u00fcller<\/td>\n<\/tr>\n<tr style=\"height: 18px;\">\n<td style=\"width: 100%; height: 18px;\">&nbsp;<\/td>\n<\/tr>\n<tr style=\"height: 18px;\">\n<td style=\"width: 100%; height: 18px;\">&nbsp;<\/td>\n<\/tr>\n<tr style=\"height: 18px;\">\n<td style=\"width: 100%; height: 18px;\">0160\/1833983<\/td>\n<\/tr>\n<tr style=\"height: 23px;\">\n<td style=\"width: 100%; height: 23px;\">jugendleiter@gws1930.de<\/td>\n<\/tr>\n<\/tbody>\n<\/table>\n","protected":false},"excerpt":{"rendered":"<p>1. Vorsitzender&nbsp; 1. Gesch\u00e4ftsf\u00fchrer 1. Kassierer Daniel Fronczkowski Patrick&nbsp; Smith&nbsp; Alex Klosa&nbsp; Heerstr\u00dfe 9 Weiherstra\u00dfe 12 Dechant-Frenken-Weg 41836 H\u00fcckelhoven&nbsp; 41836 H\u00fcckelhoven&nbsp; 41836 H\u00fcckelhoven 0157\/86797948 0172\/2396596 &nbsp; 1v@gws1930.de gf@gws1930.de kassierer@gws1930.de 2. Vorsitzender&nbsp; 2. Gesch\u00e4ftsf\u00fchrer 2. Kassierer&nbsp; &nbsp; &nbsp; Domenik Flesch Andy Bartsch Sabrina van Meegdenburg Graf-Gerhard-Str. 19 Palandstra\u00dfe 57 Kreuzbuschstra\u00dfe 11 41849 Wassenberg 41836 H\u00fcckelhoven&nbsp; 41849 &hellip; <a href=\"http:\/\/gws1930.de\/SVGWS\/?page_id=2269\" class=\"more-link\"><span class=\"screen-reader-text\">Vorstand<\/span> weiterlesen <span class=\"meta-nav\">&rarr;<\/span><\/a><\/p>\n","protected":false},"author":4,"featured_media":0,"parent":0,"menu_order":0,"comment_status":"closed","ping_status":"closed","template":"","meta":{"ngg_post_thumbnail":0,"footnotes":""},"class_list":["post-2269","page","type-page","status-publish","hentry"],"_links":{"self":[{"href":"http:\/\/gws1930.de\/SVGWS\/index.php?rest_route=\/wp\/v2\/pages\/2269","targetHints":{"allow":["GET"]}}],"collection":[{"href":"http:\/\/gws1930.de\/SVGWS\/index.php?rest_route=\/wp\/v2\/pages"}],"about":[{"href":"http:\/\/gws1930.de\/SVGWS\/index.php?rest_route=\/wp\/v2\/types\/page"}],"author":[{"embeddable":true,"href":"http:\/\/gws1930.de\/SVGWS\/index.php?rest_route=\/wp\/v2\/users\/4"}],"replies":[{"embeddable":true,"href":"http:\/\/gws1930.de\/SVGWS\/index.php?rest_route=%2Fwp%2Fv2%2Fcomments&post=2269"}],"version-history":[{"count":4,"href":"http:\/\/gws1930.de\/SVGWS\/index.php?rest_route=\/wp\/v2\/pages\/2269\/revisions"}],"predecessor-version":[{"id":2365,"href":"http:\/\/gws1930.de\/SVGWS\/index.php?rest_route=\/wp\/v2\/pages\/2269\/revisions\/2365"}],"wp:attachment":[{"href":"http:\/\/gws1930.de\/SVGWS\/index.php?rest_route=%2Fwp%2Fv2%2Fmedia&parent=2269"}],"curies":[{"name":"wp","href":"https:\/\/api.w.org\/{rel}","templated":true}]}}