{"id":2123,"date":"2024-11-27T11:21:46","date_gmt":"2024-11-27T10:21:46","guid":{"rendered":"http:\/\/gws1930.de\/SVGWS\/?page_id=2123"},"modified":"2024-11-27T11:35:17","modified_gmt":"2024-11-27T10:35:17","slug":"jugendschiedsrichter","status":"publish","type":"page","link":"http:\/\/gws1930.de\/SVGWS\/?page_id=2123","title":{"rendered":"Jugendschiedsrichter"},"content":{"rendered":"\n\n\n<p><strong>Lukas Ilias Mirbach: Unser neuer Jugendschiedsrichter im Einsatz<\/strong><\/p>\n<p>Ein besonderer Moment f\u00fcr den SV Gr\u00fcn-Wei\u00df Schaufenberg: Lukas Ilias Mirbach hat nicht nur seinen Lehrgang zum Jugendschiedsrichter erfolgreich abgeschlossen, sondern bereits sein erstes Spiel souver\u00e4n geleitet.<\/p>\n<p>Sein Deb\u00fct gab Lukas beim SV Baal, wo er mit Engagement, Fairness und einer klaren Linie \u00fcberzeugte. Wir sind stolz darauf, dass er als Jugendschiedsrichter ein wichtiger Teil unseres Vereins ist und zeigen m\u00f6chte, wie spannend und verantwortungsvoll die Rolle des Schiedsrichters sein kann.<\/p>\n<p>Herzlichen Gl\u00fcckwunsch, Lukas, zu deinem erfolgreichen Start auf diesem Weg! Wir w\u00fcnschen dir weiterhin viel Freude und Erfolg bei deinen Eins\u00e4tzen. Der SV Gr\u00fcn-Wei\u00df Schaufenberg ist stolz, dich in seinen Reihen zu haben! &#x26bd;&#x1f49a;<\/p>\n\n\n\n\n\n<p><a href=\"http:\/\/gws1930.de\/SVGWS\/wp-content\/uploads\/2024\/11\/SHCF5074.jpg\"><img loading=\"lazy\" decoding=\"async\" class=\"alignnone  wp-image-2134\" src=\"http:\/\/gws1930.de\/SVGWS\/wp-content\/uploads\/2024\/11\/SHCF5074-225x300.jpg\" alt=\"\" width=\"507\" height=\"676\" srcset=\"http:\/\/gws1930.de\/SVGWS\/wp-content\/uploads\/2024\/11\/SHCF5074-225x300.jpg 225w, http:\/\/gws1930.de\/SVGWS\/wp-content\/uploads\/2024\/11\/SHCF5074-768x1024.jpg 768w, http:\/\/gws1930.de\/SVGWS\/wp-content\/uploads\/2024\/11\/SHCF5074-1152x1536.jpg 1152w, http:\/\/gws1930.de\/SVGWS\/wp-content\/uploads\/2024\/11\/SHCF5074.jpg 1536w\" sizes=\"auto, (max-width: 507px) 100vw, 507px\" \/><\/a><\/p>\n\n\n","protected":false},"excerpt":{"rendered":"<p>Lukas Ilias Mirbach: Unser neuer Jugendschiedsrichter im Einsatz Ein besonderer Moment f\u00fcr den SV Gr\u00fcn-Wei\u00df Schaufenberg: Lukas Ilias Mirbach hat nicht nur seinen Lehrgang zum Jugendschiedsrichter erfolgreich abgeschlossen, sondern bereits sein erstes Spiel souver\u00e4n geleitet. Sein Deb\u00fct gab Lukas beim SV Baal, wo er mit Engagement, Fairness und einer klaren Linie \u00fcberzeugte. Wir sind stolz &hellip; <a href=\"http:\/\/gws1930.de\/SVGWS\/?page_id=2123\" class=\"more-link\"><span class=\"screen-reader-text\">Jugendschiedsrichter<\/span> weiterlesen <span class=\"meta-nav\">&rarr;<\/span><\/a><\/p>\n","protected":false},"author":4,"featured_media":0,"parent":0,"menu_order":0,"comment_status":"closed","ping_status":"closed","template":"","meta":{"ngg_post_thumbnail":0,"footnotes":""},"class_list":["post-2123","page","type-page","status-publish","hentry"],"_links":{"self":[{"href":"http:\/\/gws1930.de\/SVGWS\/index.php?rest_route=\/wp\/v2\/pages\/2123","targetHints":{"allow":["GET"]}}],"collection":[{"href":"http:\/\/gws1930.de\/SVGWS\/index.php?rest_route=\/wp\/v2\/pages"}],"about":[{"href":"http:\/\/gws1930.de\/SVGWS\/index.php?rest_route=\/wp\/v2\/types\/page"}],"author":[{"embeddable":true,"href":"http:\/\/gws1930.de\/SVGWS\/index.php?rest_route=\/wp\/v2\/users\/4"}],"replies":[{"embeddable":true,"href":"http:\/\/gws1930.de\/SVGWS\/index.php?rest_route=%2Fwp%2Fv2%2Fcomments&post=2123"}],"version-history":[{"count":4,"href":"http:\/\/gws1930.de\/SVGWS\/index.php?rest_route=\/wp\/v2\/pages\/2123\/revisions"}],"predecessor-version":[{"id":2135,"href":"http:\/\/gws1930.de\/SVGWS\/index.php?rest_route=\/wp\/v2\/pages\/2123\/revisions\/2135"}],"wp:attachment":[{"href":"http:\/\/gws1930.de\/SVGWS\/index.php?rest_route=%2Fwp%2Fv2%2Fmedia&parent=2123"}],"curies":[{"name":"wp","href":"https:\/\/api.w.org\/{rel}","templated":true}]}}