{"id":1916,"date":"2024-11-19T21:50:40","date_gmt":"2024-11-19T20:50:40","guid":{"rendered":"http:\/\/gws1930.de\/SVGWS\/?page_id=1916"},"modified":"2024-11-21T07:55:40","modified_gmt":"2024-11-21T06:55:40","slug":"galarie","status":"publish","type":"page","link":"http:\/\/gws1930.de\/SVGWS\/?page_id=1916","title":{"rendered":"Galerie"},"content":{"rendered":"\n\n\n<p>In dieser Galerie werden Sie k\u00fcnftig regelm\u00e4\u00dfig Eindr\u00fccke von unseren vielf\u00e4ltigen Aktivit\u00e4ten entdecken \u2013 sei es von Ligaspielen, Jugendvorf\u00fchrungen, Kifus, dem Weihnachtsmarkt und vielen weiteren Ereignissen.<\/p>\n","protected":false},"excerpt":{"rendered":"<p>In dieser Galerie werden Sie k\u00fcnftig regelm\u00e4\u00dfig Eindr\u00fccke von unseren vielf\u00e4ltigen Aktivit\u00e4ten entdecken \u2013 sei es von Ligaspielen, Jugendvorf\u00fchrungen, Kifus, dem Weihnachtsmarkt und vielen weiteren Ereignissen.<\/p>\n","protected":false},"author":3,"featured_media":0,"parent":0,"menu_order":0,"comment_status":"closed","ping_status":"closed","template":"","meta":{"ngg_post_thumbnail":0,"footnotes":""},"class_list":["post-1916","page","type-page","status-publish","hentry"],"_links":{"self":[{"href":"http:\/\/gws1930.de\/SVGWS\/index.php?rest_route=\/wp\/v2\/pages\/1916","targetHints":{"allow":["GET"]}}],"collection":[{"href":"http:\/\/gws1930.de\/SVGWS\/index.php?rest_route=\/wp\/v2\/pages"}],"about":[{"href":"http:\/\/gws1930.de\/SVGWS\/index.php?rest_route=\/wp\/v2\/types\/page"}],"author":[{"embeddable":true,"href":"http:\/\/gws1930.de\/SVGWS\/index.php?rest_route=\/wp\/v2\/users\/3"}],"replies":[{"embeddable":true,"href":"http:\/\/gws1930.de\/SVGWS\/index.php?rest_route=%2Fwp%2Fv2%2Fcomments&post=1916"}],"version-history":[{"count":3,"href":"http:\/\/gws1930.de\/SVGWS\/index.php?rest_route=\/wp\/v2\/pages\/1916\/revisions"}],"predecessor-version":[{"id":2011,"href":"http:\/\/gws1930.de\/SVGWS\/index.php?rest_route=\/wp\/v2\/pages\/1916\/revisions\/2011"}],"wp:attachment":[{"href":"http:\/\/gws1930.de\/SVGWS\/index.php?rest_route=%2Fwp%2Fv2%2Fmedia&parent=1916"}],"curies":[{"name":"wp","href":"https:\/\/api.w.org\/{rel}","templated":true}]}}