{"id":1863,"date":"2024-11-19T12:08:35","date_gmt":"2024-11-19T11:08:35","guid":{"rendered":"http:\/\/gws1930.de\/SVGWS\/?page_id=1863"},"modified":"2024-11-27T11:13:33","modified_gmt":"2024-11-27T10:13:33","slug":"d-junioren-juniorinnen","status":"publish","type":"page","link":"http:\/\/gws1930.de\/SVGWS\/?page_id=1863","title":{"rendered":"D-Junioren &#038; Juniorinnen"},"content":{"rendered":"\n<p>Seit dem Sommer 2024&nbsp; b\u00fcndeln der <strong>SV Gr\u00fcn-Weiss Schaufenberg<\/strong> und <strong>Viktoria Kleingladbach<\/strong> ihre Kr\u00e4fte in einer&nbsp; Spielgemeinschaft, um die <b>D-Junioren: innen<\/b>&nbsp;bestm\u00f6glich zu f\u00f6rdern. Das Team wird von den engagierten Trainern <strong>Daniel Mirbach<\/strong> und <strong>Max Lambertz<\/strong> geleitet, die mit viel Erfahrung und Leidenschaft die jungen Spielerinnen und Spieler betreuen.<\/p>\n<p><strong>Trainingszeiten<\/strong><\/p>\n<ul>\n<li>\n<p><strong>Winter:<\/strong><br>Dienstags und donnerstags von <strong>17:30 Uhr bis 19:00 Uhr<\/strong> auf dem <strong>Sportplatz Kleingladbach<\/strong><\/p>\n<\/li>\n<li>\n<p><strong>Sommer:<\/strong><\/p>\n<ul>\n<li>Dienstags von <strong>17:30 Uhr bis 19:30 Uhr<\/strong> auf dem <strong>Sportplatz Kleingladbach<\/strong><\/li>\n<li>Donnerstags von <strong>17:30 Uhr bis 19:00 Uhr<\/strong> auf dem <strong>Sportplatz Schaufenberg<\/strong><\/li>\n<\/ul>\n<\/li>\n<\/ul>\n<p>Unsere Spielgemeinschaft bietet optimale Bedingungen f\u00fcr alle fu\u00dfballbegeisterten Kinder, die Spa\u00df am Sport und Teamgeist haben. Wir freuen uns immer \u00fcber neue Mitspielerinnen und Mitspieler \u2013 schaut einfach bei einem Training vorbei!<\/p>\n\n\n\n<p><a href=\"http:\/\/gws1930.de\/SVGWS\/wp-content\/uploads\/2024\/11\/IOYB6093.jpg\"><img loading=\"lazy\" decoding=\"async\" class=\"alignnone  wp-image-2072\" src=\"http:\/\/gws1930.de\/SVGWS\/wp-content\/uploads\/2024\/11\/IOYB6093-300x169.jpg\" alt=\"\" width=\"540\" height=\"304\" srcset=\"http:\/\/gws1930.de\/SVGWS\/wp-content\/uploads\/2024\/11\/IOYB6093-300x169.jpg 300w, http:\/\/gws1930.de\/SVGWS\/wp-content\/uploads\/2024\/11\/IOYB6093-1024x577.jpg 1024w, http:\/\/gws1930.de\/SVGWS\/wp-content\/uploads\/2024\/11\/IOYB6093-768x432.jpg 768w, http:\/\/gws1930.de\/SVGWS\/wp-content\/uploads\/2024\/11\/IOYB6093-1536x865.jpg 1536w, http:\/\/gws1930.de\/SVGWS\/wp-content\/uploads\/2024\/11\/IOYB6093.jpg 2000w\" sizes=\"auto, (max-width: 540px) 100vw, 540px\" \/><\/a><\/p>\n","protected":false},"excerpt":{"rendered":"<p>Seit dem Sommer 2024&nbsp; b\u00fcndeln der SV Gr\u00fcn-Weiss Schaufenberg und Viktoria Kleingladbach ihre Kr\u00e4fte in einer&nbsp; Spielgemeinschaft, um die D-Junioren: innen&nbsp;bestm\u00f6glich zu f\u00f6rdern. Das Team wird von den engagierten Trainern Daniel Mirbach und Max Lambertz geleitet, die mit viel Erfahrung und Leidenschaft die jungen Spielerinnen und Spieler betreuen. Trainingszeiten Winter:Dienstags und donnerstags von 17:30 Uhr &hellip; <a href=\"http:\/\/gws1930.de\/SVGWS\/?page_id=1863\" class=\"more-link\"><span class=\"screen-reader-text\">D-Junioren &#038; Juniorinnen<\/span> weiterlesen <span class=\"meta-nav\">&rarr;<\/span><\/a><\/p>\n","protected":false},"author":4,"featured_media":0,"parent":0,"menu_order":0,"comment_status":"closed","ping_status":"closed","template":"","meta":{"ngg_post_thumbnail":0,"footnotes":""},"class_list":["post-1863","page","type-page","status-publish","hentry"],"_links":{"self":[{"href":"http:\/\/gws1930.de\/SVGWS\/index.php?rest_route=\/wp\/v2\/pages\/1863","targetHints":{"allow":["GET"]}}],"collection":[{"href":"http:\/\/gws1930.de\/SVGWS\/index.php?rest_route=\/wp\/v2\/pages"}],"about":[{"href":"http:\/\/gws1930.de\/SVGWS\/index.php?rest_route=\/wp\/v2\/types\/page"}],"author":[{"embeddable":true,"href":"http:\/\/gws1930.de\/SVGWS\/index.php?rest_route=\/wp\/v2\/users\/4"}],"replies":[{"embeddable":true,"href":"http:\/\/gws1930.de\/SVGWS\/index.php?rest_route=%2Fwp%2Fv2%2Fcomments&post=1863"}],"version-history":[{"count":4,"href":"http:\/\/gws1930.de\/SVGWS\/index.php?rest_route=\/wp\/v2\/pages\/1863\/revisions"}],"predecessor-version":[{"id":2073,"href":"http:\/\/gws1930.de\/SVGWS\/index.php?rest_route=\/wp\/v2\/pages\/1863\/revisions\/2073"}],"wp:attachment":[{"href":"http:\/\/gws1930.de\/SVGWS\/index.php?rest_route=%2Fwp%2Fv2%2Fmedia&parent=1863"}],"curies":[{"name":"wp","href":"https:\/\/api.w.org\/{rel}","templated":true}]}}