{"id":1858,"date":"2024-11-19T12:07:05","date_gmt":"2024-11-19T11:07:05","guid":{"rendered":"http:\/\/gws1930.de\/SVGWS\/?page_id=1858"},"modified":"2024-11-27T10:02:32","modified_gmt":"2024-11-27T09:02:32","slug":"f-junioren-juniorinnen-12","status":"publish","type":"page","link":"http:\/\/gws1930.de\/SVGWS\/?page_id=1858","title":{"rendered":"F-Junioren &#038; Juniorinnen 1&#038;2"},"content":{"rendered":"\n<p>Unsere <strong>F-Junioren<\/strong> werden von den engagierten Trainern <strong>Jos\u00e9 Luis P\u00e9rez C\u00e1ceres<\/strong> und <strong>Kamran<\/strong> betreut. Mit viel Einsatz, Fachwissen und Freude am Spiel f\u00f6rdern sie die jungen Talente und legen gro\u00dfen Wert auf Teamgeist, Technik und jede Menge Spa\u00df am Fu\u00dfball.<\/p>\n<p><strong>Trainingszeiten<\/strong><\/p>\n<ul>\n<li>\n<p><strong>Winter:<\/strong><br>Dienstags und donnerstags von <strong>17:30 Uhr bis 19:00 Uhr<\/strong> in der <strong>Mehrzweckhalle Schaufenberg<\/strong>. ( Pa\u00dfmannstra\u00dfe 8 )<\/p>\n<\/li>\n<li>\n<p><strong>Sommer:<\/strong><br>Dienstags und donnerstags von <strong>17:30 Uhr bis 19:30 Uhr<\/strong> auf dem Sportplatz in Schaufenberg. ( Zum Sportplatz 4 )<\/p>\n<\/li>\n<\/ul>\n<p>Unsere F-Junioren freuen sich immer \u00fcber neue Mitspielerinnen und Mitspieler! Wenn du Lust auf Fu\u00dfball hast und Teil unseres Teams werden m\u00f6chtest, komm einfach zu einem Training vorbei. Wir freuen uns auf dich!<\/p>\n\n\n\n<p><a href=\"http:\/\/gws1930.de\/SVGWS\/wp-content\/uploads\/2024\/11\/Foto-28.05.24-17-41-29-scaled.jpg\"><img loading=\"lazy\" decoding=\"async\" class=\"alignnone  wp-image-2066\" src=\"http:\/\/gws1930.de\/SVGWS\/wp-content\/uploads\/2024\/11\/Foto-28.05.24-17-41-29-225x300.jpg\" alt=\"\" width=\"496\" height=\"661\" srcset=\"http:\/\/gws1930.de\/SVGWS\/wp-content\/uploads\/2024\/11\/Foto-28.05.24-17-41-29-225x300.jpg 225w, http:\/\/gws1930.de\/SVGWS\/wp-content\/uploads\/2024\/11\/Foto-28.05.24-17-41-29-768x1024.jpg 768w, http:\/\/gws1930.de\/SVGWS\/wp-content\/uploads\/2024\/11\/Foto-28.05.24-17-41-29-1152x1536.jpg 1152w, http:\/\/gws1930.de\/SVGWS\/wp-content\/uploads\/2024\/11\/Foto-28.05.24-17-41-29-1536x2048.jpg 1536w, http:\/\/gws1930.de\/SVGWS\/wp-content\/uploads\/2024\/11\/Foto-28.05.24-17-41-29-scaled.jpg 1920w\" sizes=\"auto, (max-width: 496px) 100vw, 496px\" \/><\/a><\/p>\n","protected":false},"excerpt":{"rendered":"<p>Unsere F-Junioren werden von den engagierten Trainern Jos\u00e9 Luis P\u00e9rez C\u00e1ceres und Kamran betreut. Mit viel Einsatz, Fachwissen und Freude am Spiel f\u00f6rdern sie die jungen Talente und legen gro\u00dfen Wert auf Teamgeist, Technik und jede Menge Spa\u00df am Fu\u00dfball. Trainingszeiten Winter:Dienstags und donnerstags von 17:30 Uhr bis 19:00 Uhr in der Mehrzweckhalle Schaufenberg. ( &hellip; <a href=\"http:\/\/gws1930.de\/SVGWS\/?page_id=1858\" class=\"more-link\"><span class=\"screen-reader-text\">F-Junioren &#038; Juniorinnen 1&#038;2<\/span> weiterlesen <span class=\"meta-nav\">&rarr;<\/span><\/a><\/p>\n","protected":false},"author":4,"featured_media":0,"parent":0,"menu_order":0,"comment_status":"closed","ping_status":"closed","template":"","meta":{"ngg_post_thumbnail":0,"footnotes":""},"class_list":["post-1858","page","type-page","status-publish","hentry"],"_links":{"self":[{"href":"http:\/\/gws1930.de\/SVGWS\/index.php?rest_route=\/wp\/v2\/pages\/1858","targetHints":{"allow":["GET"]}}],"collection":[{"href":"http:\/\/gws1930.de\/SVGWS\/index.php?rest_route=\/wp\/v2\/pages"}],"about":[{"href":"http:\/\/gws1930.de\/SVGWS\/index.php?rest_route=\/wp\/v2\/types\/page"}],"author":[{"embeddable":true,"href":"http:\/\/gws1930.de\/SVGWS\/index.php?rest_route=\/wp\/v2\/users\/4"}],"replies":[{"embeddable":true,"href":"http:\/\/gws1930.de\/SVGWS\/index.php?rest_route=%2Fwp%2Fv2%2Fcomments&post=1858"}],"version-history":[{"count":4,"href":"http:\/\/gws1930.de\/SVGWS\/index.php?rest_route=\/wp\/v2\/pages\/1858\/revisions"}],"predecessor-version":[{"id":2067,"href":"http:\/\/gws1930.de\/SVGWS\/index.php?rest_route=\/wp\/v2\/pages\/1858\/revisions\/2067"}],"wp:attachment":[{"href":"http:\/\/gws1930.de\/SVGWS\/index.php?rest_route=%2Fwp%2Fv2%2Fmedia&parent=1858"}],"curies":[{"name":"wp","href":"https:\/\/api.w.org\/{rel}","templated":true}]}}