{"id":1839,"date":"2024-11-19T10:31:15","date_gmt":"2024-11-19T09:31:15","guid":{"rendered":"http:\/\/gws1930.de\/SVGWS\/?page_id=1839"},"modified":"2024-11-27T10:04:42","modified_gmt":"2024-11-27T09:04:42","slug":"d-juniorinnen","status":"publish","type":"page","link":"http:\/\/gws1930.de\/SVGWS\/?page_id=1839","title":{"rendered":"D-Juniorinnen"},"content":{"rendered":"\n<p>Unsere <strong>D-Juniorinnen<\/strong> werden mit viel Engagement und Leidenschaft von den Trainer*innen <strong>Mandy und Matti Fuchs<\/strong> betreut. Sie schaffen ein motivierendes Umfeld, in dem die jungen Spielerinnen ihre fu\u00dfballerischen F\u00e4higkeiten weiterentwickeln und dabei Teamgeist und Spa\u00df am Sport erleben.<\/p>\n<p><strong>Trainingszeiten<\/strong><\/p>\n<ul>\n<li>\n<p><strong>Winter:<\/strong><\/p>\n<ul>\n<li>Dienstags und donnerstags von <strong>17:15 Uhr bis 18:45 Uhr<\/strong> auf dem <strong>Aschenplatz in Schlee ( In der Schlee )<\/strong><\/li>\n<li>Alternativ: donnerstags von <strong>18:00 Uhr bis 19:30 Uhr<\/strong> in der <strong>Mehrzweckhalle Kleingladbach ( Amselweg )<\/strong><\/li>\n<\/ul>\n<\/li>\n<li>\n<p><strong>Sommer:<\/strong><\/p>\n<ul>\n<li>Dienstags und donnerstags von <strong>17:15 Uhr bis 18:45 Uhr<\/strong> auf dem <strong>Sportplatz in Schaufenberg ( Zum Sportplatz 4 )<\/strong><\/li>\n<\/ul>\n<\/li>\n<\/ul>\n<p>Unsere D-Juniorinnen freuen sich \u00fcber jede fu\u00dfballbegeisterte Spielerin, die Teil unseres Teams werden m\u00f6chte. Egal ob Anf\u00e4ngerin oder erfahrene Spielerin \u2013 komm vorbei und mach mit! Wir freuen uns auf dich.<\/p>\n\n\n\n<p><a href=\"http:\/\/gws1930.de\/SVGWS\/wp-content\/uploads\/2024\/11\/Foto-28.05.24-17-39-09-scaled.jpg\"><img loading=\"lazy\" decoding=\"async\" class=\"alignnone  wp-image-2070\" src=\"http:\/\/gws1930.de\/SVGWS\/wp-content\/uploads\/2024\/11\/Foto-28.05.24-17-39-09-225x300.jpg\" alt=\"\" width=\"505\" height=\"673\" srcset=\"http:\/\/gws1930.de\/SVGWS\/wp-content\/uploads\/2024\/11\/Foto-28.05.24-17-39-09-225x300.jpg 225w, http:\/\/gws1930.de\/SVGWS\/wp-content\/uploads\/2024\/11\/Foto-28.05.24-17-39-09-768x1024.jpg 768w, http:\/\/gws1930.de\/SVGWS\/wp-content\/uploads\/2024\/11\/Foto-28.05.24-17-39-09-1152x1536.jpg 1152w, http:\/\/gws1930.de\/SVGWS\/wp-content\/uploads\/2024\/11\/Foto-28.05.24-17-39-09-1536x2048.jpg 1536w, http:\/\/gws1930.de\/SVGWS\/wp-content\/uploads\/2024\/11\/Foto-28.05.24-17-39-09-scaled.jpg 1920w\" sizes=\"auto, (max-width: 505px) 100vw, 505px\" \/><\/a><\/p>\n","protected":false},"excerpt":{"rendered":"<p>Unsere D-Juniorinnen werden mit viel Engagement und Leidenschaft von den Trainer*innen Mandy und Matti Fuchs betreut. Sie schaffen ein motivierendes Umfeld, in dem die jungen Spielerinnen ihre fu\u00dfballerischen F\u00e4higkeiten weiterentwickeln und dabei Teamgeist und Spa\u00df am Sport erleben. Trainingszeiten Winter: Dienstags und donnerstags von 17:15 Uhr bis 18:45 Uhr auf dem Aschenplatz in Schlee ( &hellip; <a href=\"http:\/\/gws1930.de\/SVGWS\/?page_id=1839\" class=\"more-link\"><span class=\"screen-reader-text\">D-Juniorinnen<\/span> weiterlesen <span class=\"meta-nav\">&rarr;<\/span><\/a><\/p>\n","protected":false},"author":4,"featured_media":0,"parent":0,"menu_order":0,"comment_status":"closed","ping_status":"closed","template":"","meta":{"ngg_post_thumbnail":0,"footnotes":""},"class_list":["post-1839","page","type-page","status-publish","hentry"],"_links":{"self":[{"href":"http:\/\/gws1930.de\/SVGWS\/index.php?rest_route=\/wp\/v2\/pages\/1839","targetHints":{"allow":["GET"]}}],"collection":[{"href":"http:\/\/gws1930.de\/SVGWS\/index.php?rest_route=\/wp\/v2\/pages"}],"about":[{"href":"http:\/\/gws1930.de\/SVGWS\/index.php?rest_route=\/wp\/v2\/types\/page"}],"author":[{"embeddable":true,"href":"http:\/\/gws1930.de\/SVGWS\/index.php?rest_route=\/wp\/v2\/users\/4"}],"replies":[{"embeddable":true,"href":"http:\/\/gws1930.de\/SVGWS\/index.php?rest_route=%2Fwp%2Fv2%2Fcomments&post=1839"}],"version-history":[{"count":3,"href":"http:\/\/gws1930.de\/SVGWS\/index.php?rest_route=\/wp\/v2\/pages\/1839\/revisions"}],"predecessor-version":[{"id":2071,"href":"http:\/\/gws1930.de\/SVGWS\/index.php?rest_route=\/wp\/v2\/pages\/1839\/revisions\/2071"}],"wp:attachment":[{"href":"http:\/\/gws1930.de\/SVGWS\/index.php?rest_route=%2Fwp%2Fv2%2Fmedia&parent=1839"}],"curies":[{"name":"wp","href":"https:\/\/api.w.org\/{rel}","templated":true}]}}