{"id":1838,"date":"2024-11-19T10:31:15","date_gmt":"2024-11-19T09:31:15","guid":{"rendered":"http:\/\/gws1930.de\/SVGWS\/?page_id=1838"},"modified":"2024-11-27T10:03:27","modified_gmt":"2024-11-27T09:03:27","slug":"f-junioren-juniorinnen-34","status":"publish","type":"page","link":"http:\/\/gws1930.de\/SVGWS\/?page_id=1838","title":{"rendered":"F-Junioren &#038; Juniorinnen 3&#038;4"},"content":{"rendered":"\n\n\n<div class=\"flex max-w-full flex-col flex-grow\">\n<div class=\"min-h-8 text-message flex w-full flex-col items-end gap-2 whitespace-normal break-words [.text-message+&amp;]:mt-5\" dir=\"auto\" data-message-author-role=\"assistant\" data-message-id=\"42382eaf-c352-40b3-ae4b-3156c47b84dd\" data-message-model-slug=\"gpt-4o\">\n<div class=\"flex w-full flex-col gap-1 empty:hidden first:pt-[3px]\">\n<div class=\"markdown prose w-full break-words dark:prose-invert light\">\n<p>Unsere <strong>F-Junioren 3&amp;4<\/strong>&nbsp;werden von den erfahrenen Trainern <strong>Kai Enes Kijametovi\u0107<\/strong> und <strong>Oliver van Meegdenburg<\/strong> betreut. Mit Leidenschaft und einem besonderen Gesp\u00fcr f\u00fcr die F\u00f6rderung junger Talente vermitteln sie den Kindern nicht nur die Grundlagen des Fu\u00dfballs, sondern auch den Spa\u00df am Spiel und den Wert von Teamgeist.<\/p>\n<p><strong>Trainingszeiten<\/strong><\/p>\n<ul>\n<li>\n<p><strong>Winter:<\/strong><\/p>\n<ul>\n<li>Montags von <strong>17:00 Uhr bis 18:30 Uhr und&nbsp;<\/strong><\/li>\n<li>Donnerstags von <strong>16:30 Uhr bis 17:30 Uhr<\/strong> in der <strong>Mehrzweckhalle Schaufenberg ( Pa\u00dfmannstra\u00dfe 8 )<\/strong><\/li>\n<li>Freitags von <strong>18:00 Uhr bis 19:30 Uhr<\/strong> in der <strong>Mehrzweckhalle Ratheim ( Wallstra\u00dfe )<\/strong><\/li>\n<\/ul>\n<\/li>\n<li>\n<p><strong>Sommer:<\/strong><\/p>\n<ul>\n<li>Dienstags und donnerstags von <strong>17:00 Uhr bis 18:30 Uhr<\/strong> auf dem Sportplatz in Schaufenberg ( Zum Sportplatz 4 )&nbsp;<\/li>\n<\/ul>\n<\/li>\n<\/ul>\n<p>Fu\u00dfballbegeisterte Kinder sind bei uns herzlich willkommen! Komm gerne vorbei und werde Teil unserer Mannschaft. Wir freuen uns auf dich!<\/p>\n<\/div>\n<\/div>\n<\/div>\n<\/div>\n\n\n\n\n\n<p><a href=\"http:\/\/gws1930.de\/SVGWS\/wp-content\/uploads\/2024\/11\/Foto-28.05.24-17-24-15-scaled.jpg\"><img loading=\"lazy\" decoding=\"async\" class=\"alignnone  wp-image-2068\" src=\"http:\/\/gws1930.de\/SVGWS\/wp-content\/uploads\/2024\/11\/Foto-28.05.24-17-24-15-225x300.jpg\" alt=\"\" width=\"512\" height=\"683\" srcset=\"http:\/\/gws1930.de\/SVGWS\/wp-content\/uploads\/2024\/11\/Foto-28.05.24-17-24-15-225x300.jpg 225w, http:\/\/gws1930.de\/SVGWS\/wp-content\/uploads\/2024\/11\/Foto-28.05.24-17-24-15-768x1024.jpg 768w, http:\/\/gws1930.de\/SVGWS\/wp-content\/uploads\/2024\/11\/Foto-28.05.24-17-24-15-1152x1536.jpg 1152w, http:\/\/gws1930.de\/SVGWS\/wp-content\/uploads\/2024\/11\/Foto-28.05.24-17-24-15-1536x2048.jpg 1536w, http:\/\/gws1930.de\/SVGWS\/wp-content\/uploads\/2024\/11\/Foto-28.05.24-17-24-15-scaled.jpg 1920w\" sizes=\"auto, (max-width: 512px) 100vw, 512px\" \/><\/a><\/p>\n","protected":false},"excerpt":{"rendered":"<p>Unsere F-Junioren 3&amp;4&nbsp;werden von den erfahrenen Trainern Kai Enes Kijametovi\u0107 und Oliver van Meegdenburg betreut. Mit Leidenschaft und einem besonderen Gesp\u00fcr f\u00fcr die F\u00f6rderung junger Talente vermitteln sie den Kindern nicht nur die Grundlagen des Fu\u00dfballs, sondern auch den Spa\u00df am Spiel und den Wert von Teamgeist. Trainingszeiten Winter: Montags von 17:00 Uhr bis 18:30 &hellip; <a href=\"http:\/\/gws1930.de\/SVGWS\/?page_id=1838\" class=\"more-link\"><span class=\"screen-reader-text\">F-Junioren &#038; Juniorinnen 3&#038;4<\/span> weiterlesen <span class=\"meta-nav\">&rarr;<\/span><\/a><\/p>\n","protected":false},"author":4,"featured_media":0,"parent":0,"menu_order":0,"comment_status":"closed","ping_status":"closed","template":"","meta":{"ngg_post_thumbnail":0,"footnotes":""},"class_list":["post-1838","page","type-page","status-publish","hentry"],"_links":{"self":[{"href":"http:\/\/gws1930.de\/SVGWS\/index.php?rest_route=\/wp\/v2\/pages\/1838","targetHints":{"allow":["GET"]}}],"collection":[{"href":"http:\/\/gws1930.de\/SVGWS\/index.php?rest_route=\/wp\/v2\/pages"}],"about":[{"href":"http:\/\/gws1930.de\/SVGWS\/index.php?rest_route=\/wp\/v2\/types\/page"}],"author":[{"embeddable":true,"href":"http:\/\/gws1930.de\/SVGWS\/index.php?rest_route=\/wp\/v2\/users\/4"}],"replies":[{"embeddable":true,"href":"http:\/\/gws1930.de\/SVGWS\/index.php?rest_route=%2Fwp%2Fv2%2Fcomments&post=1838"}],"version-history":[{"count":3,"href":"http:\/\/gws1930.de\/SVGWS\/index.php?rest_route=\/wp\/v2\/pages\/1838\/revisions"}],"predecessor-version":[{"id":2069,"href":"http:\/\/gws1930.de\/SVGWS\/index.php?rest_route=\/wp\/v2\/pages\/1838\/revisions\/2069"}],"wp:attachment":[{"href":"http:\/\/gws1930.de\/SVGWS\/index.php?rest_route=%2Fwp%2Fv2%2Fmedia&parent=1838"}],"curies":[{"name":"wp","href":"https:\/\/api.w.org\/{rel}","templated":true}]}}