{"id":1837,"date":"2024-11-19T10:31:15","date_gmt":"2024-11-19T09:31:15","guid":{"rendered":"http:\/\/gws1930.de\/SVGWS\/?page_id=1837"},"modified":"2024-11-21T08:15:14","modified_gmt":"2024-11-21T07:15:14","slug":"e-juniorinnen","status":"publish","type":"page","link":"http:\/\/gws1930.de\/SVGWS\/?page_id=1837","title":{"rendered":"E- Juniorinnen"},"content":{"rendered":"\n<div class=\"flex-1 overflow-hidden\">\n<div class=\"h-full\">\n<div class=\"react-scroll-to-bottom--css-qceco-79elbk h-full\">\n<div class=\"react-scroll-to-bottom--css-qceco-1n7m0yu\">\n<div class=\"flex flex-col text-sm md:pb-9\">\n<article class=\"w-full scroll-mb-[var(--thread-trailing-height,150px)] text-token-text-primary focus-visible:outline-2 focus-visible:outline-offset-[-4px]\" dir=\"auto\" data-testid=\"conversation-turn-3\" data-scroll-anchor=\"true\">\n<div class=\"m-auto text-base py-[18px] px-3 md:px-4 w-full md:px-5 lg:px-4 xl:px-5\">\n<div class=\"mx-auto flex flex-1 gap-4 text-base md:gap-5 lg:gap-6 md:max-w-3xl lg:max-w-[40rem] xl:max-w-[48rem]\">\n<div class=\"group\/conversation-turn relative flex w-full min-w-0 flex-col agent-turn\">\n<div class=\"flex-col gap-1 md:gap-3\">\n<div class=\"flex max-w-full flex-col flex-grow\">\n<div class=\"min-h-8 text-message flex w-full flex-col items-end gap-2 whitespace-normal break-words [.text-message+&amp;]:mt-5\" dir=\"auto\" data-message-author-role=\"assistant\" data-message-id=\"e544bc16-e68c-4809-89f1-c6f356f52615\" data-message-model-slug=\"gpt-4o\">\n<div class=\"flex w-full flex-col gap-1 empty:hidden first:pt-[3px]\">\n<div class=\"markdown prose w-full break-words dark:prose-invert light\">\n<p>Unsere E-Juniorinnen sind eine motivierte und spielfreudige Gruppe, die mit viel Begeisterung und Teamgeist auf dem Platz steht. Unter der engagierten Leitung unseres Trainers <strong>Jochem Braun<\/strong> lernen die M\u00e4dchen spielerisch die Grundlagen des Fu\u00dfballs und erleben, wie viel Spa\u00df der Sport in einer Gemeinschaft macht. Mit seiner Erfahrung sorgt Jochem daf\u00fcr, dass jede Spielerin \u2013 ob Anf\u00e4ngerin oder Fortgeschrittene \u2013 individuell gef\u00f6rdert wird und Freude am Spiel hat.<\/p>\n<h3><strong>Trainingszeiten<\/strong><\/h3>\n<p><strong>Winter:<\/strong><br>Dienstags von 18:00 Uhr bis 19:15 Uhr in der Mehrzweckhalle Kleingladbach (Amselweg)<\/p>\n<p><strong>Sommer:<\/strong><br>Dienstags und donnerstags von 17:15 Uhr bis 18:45 Uhr auf dem Sportplatz in Schaufenberg (Zum Sportplatz 4)<\/p>\n<p>Neue Mitspielerinnen sind bei uns immer herzlich willkommen \u2013 egal ob Anf\u00e4ngerin oder Fortgeschrittene! Schau einfach bei einem unserer Trainings vorbei und werde Teil unseres Teams. Trainer Jochem und die M\u00e4dels freuen sich auf dich!<\/p>\n<\/div>\n<\/div>\n<\/div>\n<\/div>\n<\/div>\n<\/div>\n<\/div>\n<\/div>\n<\/article>\n<\/div>\n<\/div>\n<\/div>\n<\/div>\n<\/div>\n<div class=\"md:pt-0 dark:border-white\/20 md:border-transparent md:dark:border-transparent w-full\">\n<div class=\"m-auto text-base px-3 md:px-4 w-full md:px-5 lg:px-4 xl:px-5\">\n<div class=\"mx-auto flex flex-1 gap-4 text-base md:gap-5 lg:gap-6 md:max-w-3xl lg:max-w-[40rem] xl:max-w-[48rem]\"><form class=\"w-full\" aria-haspopup=\"dialog\" aria-expanded=\"false\" aria-controls=\"radix-:r102:\" data-state=\"closed\">\n<div class=\"relative flex h-full max-w-full flex-1 flex-col\">\n<div class=\"group relative flex w-full items-center\">\n<div id=\"composer-background\" class=\"flex w-full cursor-text flex-col rounded-3xl px-2.5 py-1 transition-colors contain-inline-size bg-[#f4f4f4] dark:bg-token-main-surface-secondary\">\n<div class=\"flex h-[44px] items-center justify-between\">\n<div class=\"flex gap-x-1\">\n<div class=\"relative\">\n<div class=\"relative\">\n<div class=\"flex flex-col\">\n<div aria-haspopup=\"dialog\" aria-expanded=\"false\" aria-controls=\"radix-:r106:\" data-state=\"closed\">&nbsp;<\/div>\n<\/div>\n<\/div>\n<\/div>\n<\/div>\n<div class=\"min-w-8\">&nbsp;<\/div>\n<\/div>\n<\/div>\n<\/div>\n<\/div>\n<\/form><\/div>\n<\/div>\n<div class=\"relative w-full px-2 py-2 text-center text-xs text-token-text-secondary empty:hidden md:px-[60px]\">\n<div class=\"min-h-4\">\n<div>&nbsp;<\/div>\n<\/div>\n<\/div>\n<\/div>\n\n\n","protected":false},"excerpt":{"rendered":"<p>Unsere E-Juniorinnen sind eine motivierte und spielfreudige Gruppe, die mit viel Begeisterung und Teamgeist auf dem Platz steht. Unter der engagierten Leitung unseres Trainers Jochem Braun lernen die M\u00e4dchen spielerisch die Grundlagen des Fu\u00dfballs und erleben, wie viel Spa\u00df der Sport in einer Gemeinschaft macht. Mit seiner Erfahrung sorgt Jochem daf\u00fcr, dass jede Spielerin \u2013 &hellip; <a href=\"http:\/\/gws1930.de\/SVGWS\/?page_id=1837\" class=\"more-link\"><span class=\"screen-reader-text\">E- Juniorinnen<\/span> weiterlesen <span class=\"meta-nav\">&rarr;<\/span><\/a><\/p>\n","protected":false},"author":4,"featured_media":0,"parent":0,"menu_order":0,"comment_status":"closed","ping_status":"closed","template":"","meta":{"ngg_post_thumbnail":0,"footnotes":""},"class_list":["post-1837","page","type-page","status-publish","hentry"],"_links":{"self":[{"href":"http:\/\/gws1930.de\/SVGWS\/index.php?rest_route=\/wp\/v2\/pages\/1837","targetHints":{"allow":["GET"]}}],"collection":[{"href":"http:\/\/gws1930.de\/SVGWS\/index.php?rest_route=\/wp\/v2\/pages"}],"about":[{"href":"http:\/\/gws1930.de\/SVGWS\/index.php?rest_route=\/wp\/v2\/types\/page"}],"author":[{"embeddable":true,"href":"http:\/\/gws1930.de\/SVGWS\/index.php?rest_route=\/wp\/v2\/users\/4"}],"replies":[{"embeddable":true,"href":"http:\/\/gws1930.de\/SVGWS\/index.php?rest_route=%2Fwp%2Fv2%2Fcomments&post=1837"}],"version-history":[{"count":4,"href":"http:\/\/gws1930.de\/SVGWS\/index.php?rest_route=\/wp\/v2\/pages\/1837\/revisions"}],"predecessor-version":[{"id":2025,"href":"http:\/\/gws1930.de\/SVGWS\/index.php?rest_route=\/wp\/v2\/pages\/1837\/revisions\/2025"}],"wp:attachment":[{"href":"http:\/\/gws1930.de\/SVGWS\/index.php?rest_route=%2Fwp%2Fv2%2Fmedia&parent=1837"}],"curies":[{"name":"wp","href":"https:\/\/api.w.org\/{rel}","templated":true}]}}