{"id":1764,"date":"2023-08-04T08:24:47","date_gmt":"2023-08-04T06:24:47","guid":{"rendered":"http:\/\/gws1930.de\/SVGWS\/?page_id=1764"},"modified":"2024-11-19T22:57:06","modified_gmt":"2024-11-19T21:57:06","slug":"ags-und-kooperationen","status":"publish","type":"page","link":"http:\/\/gws1930.de\/SVGWS\/?page_id=1764","title":{"rendered":"Kooperationen"},"content":{"rendered":"<p style=\"text-align: left;\">Der SV Gr\u00fcn-Weiss Schaufenberg ist stolz darauf, in der Vergangenheit bereits erfolgreiche Kooperationen mit der Realschule Ratheim und der Friedrich-Honigmann-Schule in Schaufenberg durchgef\u00fchrt zu haben. Diese Partnerschaften haben es uns erm\u00f6glicht, gemeinsam mit den Sch\u00fclerinnen und Sch\u00fclern Teamgeist sowie die k\u00f6rperliche Fitness zu f\u00f6rdern.<\/p>\n<p style=\"text-align: left;\">Aktuell pflegen wir eine Kooperation mit dem Kindergarten &#8220;Triangel&#8221; in Ratheim, dessen Tr\u00e4ger die Lebenshilfe Heinsberg ist. Seit dem Sommer 2024 treffen sich alle 4 bis 6 Wochen die Kinder des Kindergartens mit einem lizenzierten Trainer des SV Gr\u00fcn-Weiss Schaufenberg zu gemeinsamen Trainingseinheiten. Diese finden entweder auf dem Fu\u00dfballplatz in Schaufenberg oder in der Bewegungshalle statt. Bei diesen Treffen steht der Spa\u00df an der Bewegung im Vordergrund, aber auch die F\u00f6rderung von Teamarbeit, motorischen F\u00e4higkeiten und sozialer Interaktion wird gezielt unterst\u00fctzt.<br>Durch diese regelm\u00e4\u00dfigen Kooperationsprojekte m\u00f6chten wir den Kindern die Welt des Fu\u00dfballs n\u00e4herbringen und ihnen die M\u00f6glichkeit bieten, sich spielerisch weiterzuentwickeln. Wir sind stolz darauf, diese positiven Erfahrungen gemeinsam mit der Lebenshilfe Heinsberg und den beteiligten Einrichtungen zu gestalten und freuen uns auf die fortlaufende Zusammenarbeit.<\/p>\n<p style=\"text-align: center;\"><a href=\"http:\/\/gws1930.de\/SVGWS\/wp-content\/uploads\/2024\/11\/fbe1befe-0419-4338-a5ec-f76d92f60035.jpeg\"><img loading=\"lazy\" decoding=\"async\" class=\"alignnone  wp-image-1934\" src=\"http:\/\/gws1930.de\/SVGWS\/wp-content\/uploads\/2024\/11\/fbe1befe-0419-4338-a5ec-f76d92f60035-212x300.jpeg\" alt=\"\" width=\"265\" height=\"376\"><\/a><\/p>\n<p>&nbsp;<\/p>\n<h1 style=\"text-align: center;\"><strong>Vorherige AG\u00b4S und Kooperationen<\/strong><\/h1>\n<p style=\"text-align: center;\"><a href=\"http:\/\/gws1930.de\/SVGWS\/wp-content\/uploads\/2023\/08\/Koop-Realschule.jpg\"><img loading=\"lazy\" decoding=\"async\" class=\"alignnone wp-image-1791 \" src=\"http:\/\/gws1930.de\/SVGWS\/wp-content\/uploads\/2023\/08\/Koop-Realschule-212x300.jpg\" alt=\"\" width=\"264\" height=\"374\" srcset=\"http:\/\/gws1930.de\/SVGWS\/wp-content\/uploads\/2023\/08\/Koop-Realschule-212x300.jpg 212w, http:\/\/gws1930.de\/SVGWS\/wp-content\/uploads\/2023\/08\/Koop-Realschule-724x1024.jpg 724w, http:\/\/gws1930.de\/SVGWS\/wp-content\/uploads\/2023\/08\/Koop-Realschule-768x1086.jpg 768w, http:\/\/gws1930.de\/SVGWS\/wp-content\/uploads\/2023\/08\/Koop-Realschule-1086x1536.jpg 1086w, http:\/\/gws1930.de\/SVGWS\/wp-content\/uploads\/2023\/08\/Koop-Realschule.jpg 1169w\" sizes=\"auto, (max-width: 264px) 100vw, 264px\" \/><\/a><\/p>\n<p style=\"text-align: center;\"><a href=\"https:\/\/www.rs-ratheim.de\/\">https:\/\/www.rs-ratheim.de\/<\/a><\/p>\n<p>&nbsp;<\/p>\n<p>&nbsp;<\/p>\n\n<div class=\"wp-block-image\">\n<figure class=\"aligncenter size-large is-resized\"><a href=\"http:\/\/gws1930.de\/SVGWS\/wp-content\/uploads\/2023\/08\/Koop-Grund.jpg\"><img loading=\"lazy\" decoding=\"async\" width=\"724\" height=\"1024\" src=\"http:\/\/gws1930.de\/SVGWS\/wp-content\/uploads\/2023\/08\/Koop-Grund-724x1024.jpg\" alt=\"\" class=\"wp-image-1792\" style=\"width:317px;height:449px\" srcset=\"http:\/\/gws1930.de\/SVGWS\/wp-content\/uploads\/2023\/08\/Koop-Grund-724x1024.jpg 724w, http:\/\/gws1930.de\/SVGWS\/wp-content\/uploads\/2023\/08\/Koop-Grund-212x300.jpg 212w, http:\/\/gws1930.de\/SVGWS\/wp-content\/uploads\/2023\/08\/Koop-Grund-768x1086.jpg 768w, http:\/\/gws1930.de\/SVGWS\/wp-content\/uploads\/2023\/08\/Koop-Grund-1086x1536.jpg 1086w, http:\/\/gws1930.de\/SVGWS\/wp-content\/uploads\/2023\/08\/Koop-Grund.jpg 1169w\" sizes=\"auto, (max-width: 724px) 100vw, 724px\" \/><\/a><\/figure><\/div>\n\n\n<p style=\"text-align: center;\"><a href=\"http:\/\/www.fhs-schaufenberg.de\/\">http:\/\/www.fhs-schaufenberg.de\/<\/a><\/p>\n","protected":false},"excerpt":{"rendered":"<p>Der SV Gr\u00fcn-Weiss Schaufenberg ist stolz darauf, in der Vergangenheit bereits erfolgreiche Kooperationen mit der Realschule Ratheim und der Friedrich-Honigmann-Schule in Schaufenberg durchgef\u00fchrt zu haben. Diese Partnerschaften haben es uns erm\u00f6glicht, gemeinsam mit den Sch\u00fclerinnen und Sch\u00fclern Teamgeist sowie die k\u00f6rperliche Fitness zu f\u00f6rdern. Aktuell pflegen wir eine Kooperation mit dem Kindergarten &#8220;Triangel&#8221; in Ratheim, &hellip; <a href=\"http:\/\/gws1930.de\/SVGWS\/?page_id=1764\" class=\"more-link\"><span class=\"screen-reader-text\">Kooperationen<\/span> weiterlesen <span class=\"meta-nav\">&rarr;<\/span><\/a><\/p>\n","protected":false},"author":3,"featured_media":0,"parent":0,"menu_order":0,"comment_status":"closed","ping_status":"closed","template":"","meta":{"ngg_post_thumbnail":0,"footnotes":""},"class_list":["post-1764","page","type-page","status-publish","hentry"],"_links":{"self":[{"href":"http:\/\/gws1930.de\/SVGWS\/index.php?rest_route=\/wp\/v2\/pages\/1764","targetHints":{"allow":["GET"]}}],"collection":[{"href":"http:\/\/gws1930.de\/SVGWS\/index.php?rest_route=\/wp\/v2\/pages"}],"about":[{"href":"http:\/\/gws1930.de\/SVGWS\/index.php?rest_route=\/wp\/v2\/types\/page"}],"author":[{"embeddable":true,"href":"http:\/\/gws1930.de\/SVGWS\/index.php?rest_route=\/wp\/v2\/users\/3"}],"replies":[{"embeddable":true,"href":"http:\/\/gws1930.de\/SVGWS\/index.php?rest_route=%2Fwp%2Fv2%2Fcomments&post=1764"}],"version-history":[{"count":4,"href":"http:\/\/gws1930.de\/SVGWS\/index.php?rest_route=\/wp\/v2\/pages\/1764\/revisions"}],"predecessor-version":[{"id":1935,"href":"http:\/\/gws1930.de\/SVGWS\/index.php?rest_route=\/wp\/v2\/pages\/1764\/revisions\/1935"}],"wp:attachment":[{"href":"http:\/\/gws1930.de\/SVGWS\/index.php?rest_route=%2Fwp%2Fv2%2Fmedia&parent=1764"}],"curies":[{"name":"wp","href":"https:\/\/api.w.org\/{rel}","templated":true}]}}