{"id":1584,"date":"2021-07-31T10:57:03","date_gmt":"2021-07-31T08:57:03","guid":{"rendered":"http:\/\/gws1930.de\/SVGWS\/?page_id=1584"},"modified":"2024-11-27T10:01:41","modified_gmt":"2024-11-27T09:01:41","slug":"bambinis","status":"publish","type":"page","link":"http:\/\/gws1930.de\/SVGWS\/?page_id=1584","title":{"rendered":"Bambinis"},"content":{"rendered":"\n<h1 class=\"wp-block-heading\"><\/h1>\n\n\n\n<p>Unsere Bambinis werden mit viel Engagement und Herz von unserer Trainerin <strong>Lisa Jansen<\/strong> betreut. Sie sorgt daf\u00fcr, dass die Kleinsten mit Spa\u00df und Freude die Grundlagen des Fu\u00dfballs erlernen und sich spielerisch weiterentwickeln.<\/p>\n\n\n\n<p><strong>Trainingszeiten<\/strong><\/p>\n\n\n\n<ul class=\"wp-block-list\">\n<li><strong>Winter:<\/strong><br>Jeden Mittwoch  von <strong>17:00 Uhr bis 18:30 Uhr<\/strong> in der <strong>Turnhalle Schaufenberg<\/strong>. ( Pa\u00dfmannstra\u00dfe 8)<\/li>\n\n\n\n<li><strong>Sommer:<\/strong><br>Jeden Dienstag und Donnerstag von <strong>17:00 Uhr bis 18:30 Uhr<\/strong> auf dem <strong>Sportplatz Schaufenberg<\/strong>. ( Zum Sportplatz 4 )<\/li>\n<\/ul>\n\n\n\n<p>Wir freuen uns \u00fcber neue Gesichter, die Teil unseres Vereins werden m\u00f6chten. Komm gerne vorbei und mach mit \u2013 wir freuen uns auf dich!<\/p>\n\n\n\n<p>F\u00fcr weitere Informationen melde dich einfach bei uns oder besuche uns w\u00e4hrend der Trainingszeiten. Bis bald auf dem Platz!<\/p>\n<h1 class=\"wp-block-heading\">&nbsp;<\/h1>\n\n\n\n<p><a href=\"http:\/\/gws1930.de\/SVGWS\/wp-content\/uploads\/2024\/11\/Foto-21.09.24-12-26-34-scaled.jpg\"><img loading=\"lazy\" decoding=\"async\" class=\"alignnone  wp-image-2064\" src=\"http:\/\/gws1930.de\/SVGWS\/wp-content\/uploads\/2024\/11\/Foto-21.09.24-12-26-34-300x225.jpg\" alt=\"\" width=\"501\" height=\"376\" srcset=\"http:\/\/gws1930.de\/SVGWS\/wp-content\/uploads\/2024\/11\/Foto-21.09.24-12-26-34-300x225.jpg 300w, http:\/\/gws1930.de\/SVGWS\/wp-content\/uploads\/2024\/11\/Foto-21.09.24-12-26-34-1024x768.jpg 1024w, http:\/\/gws1930.de\/SVGWS\/wp-content\/uploads\/2024\/11\/Foto-21.09.24-12-26-34-768x576.jpg 768w, http:\/\/gws1930.de\/SVGWS\/wp-content\/uploads\/2024\/11\/Foto-21.09.24-12-26-34-1536x1152.jpg 1536w, http:\/\/gws1930.de\/SVGWS\/wp-content\/uploads\/2024\/11\/Foto-21.09.24-12-26-34-2048x1536.jpg 2048w\" sizes=\"auto, (max-width: 501px) 100vw, 501px\" \/><\/a><\/p>\n","protected":false},"excerpt":{"rendered":"<p>Unsere Bambinis werden mit viel Engagement und Herz von unserer Trainerin Lisa Jansen betreut. Sie sorgt daf\u00fcr, dass die Kleinsten mit Spa\u00df und Freude die Grundlagen des Fu\u00dfballs erlernen und sich spielerisch weiterentwickeln. Trainingszeiten Wir freuen uns \u00fcber neue Gesichter, die Teil unseres Vereins werden m\u00f6chten. Komm gerne vorbei und mach mit \u2013 wir freuen &hellip; <a href=\"http:\/\/gws1930.de\/SVGWS\/?page_id=1584\" class=\"more-link\"><span class=\"screen-reader-text\">Bambinis<\/span> weiterlesen <span class=\"meta-nav\">&rarr;<\/span><\/a><\/p>\n","protected":false},"author":3,"featured_media":0,"parent":0,"menu_order":0,"comment_status":"closed","ping_status":"closed","template":"","meta":{"ngg_post_thumbnail":0,"footnotes":""},"class_list":["post-1584","page","type-page","status-publish","hentry"],"_links":{"self":[{"href":"http:\/\/gws1930.de\/SVGWS\/index.php?rest_route=\/wp\/v2\/pages\/1584","targetHints":{"allow":["GET"]}}],"collection":[{"href":"http:\/\/gws1930.de\/SVGWS\/index.php?rest_route=\/wp\/v2\/pages"}],"about":[{"href":"http:\/\/gws1930.de\/SVGWS\/index.php?rest_route=\/wp\/v2\/types\/page"}],"author":[{"embeddable":true,"href":"http:\/\/gws1930.de\/SVGWS\/index.php?rest_route=\/wp\/v2\/users\/3"}],"replies":[{"embeddable":true,"href":"http:\/\/gws1930.de\/SVGWS\/index.php?rest_route=%2Fwp%2Fv2%2Fcomments&post=1584"}],"version-history":[{"count":14,"href":"http:\/\/gws1930.de\/SVGWS\/index.php?rest_route=\/wp\/v2\/pages\/1584\/revisions"}],"predecessor-version":[{"id":2065,"href":"http:\/\/gws1930.de\/SVGWS\/index.php?rest_route=\/wp\/v2\/pages\/1584\/revisions\/2065"}],"wp:attachment":[{"href":"http:\/\/gws1930.de\/SVGWS\/index.php?rest_route=%2Fwp%2Fv2%2Fmedia&parent=1584"}],"curies":[{"name":"wp","href":"https:\/\/api.w.org\/{rel}","templated":true}]}}