{"id":1582,"date":"2021-07-31T10:57:03","date_gmt":"2021-07-31T08:57:03","guid":{"rendered":"http:\/\/gws1930.de\/SVGWS\/?page_id=1582"},"modified":"2024-11-19T11:43:13","modified_gmt":"2024-11-19T10:43:13","slug":"jugend","status":"publish","type":"page","link":"http:\/\/gws1930.de\/SVGWS\/?page_id=1582","title":{"rendered":"Jugend"},"content":{"rendered":"\n<p>Hier m\u00f6chten wir Euch unsere Jugendabteilung vorstellen.<br>Betreut von insgesamt 14 ehrenamtlichen Betreuern &amp; Betreuerinnen umfasst unsere Jugendabteilung, verteilt \u00fcber die Altersklassen U7 (Bambinis), U9 (F-Jugend), U13 (D-Jugend) in einer Spielgemeinschaft mit Viktoria Kleingladbach, sowie 2 M\u00e4dchenmannschaften bei der U13 und der U11, aktuell \u00fcber 80 aktive Kinder.<br>In den zur\u00fcckliegenden 4 Jahren l\u00e4sst sich die Entwicklung unserer Jugendabteilung ruhigen Gewissens als Erfolgsgeschichte bezeichnen. So starteten wir im August 2020 mit ca. 20 Kindern in der Altersklasse U7(Bambinis) und 4 Betreuern einen Neuanfang. Zuvor hatte es bei Gr\u00fcn-Weiss schon l\u00e4nger keine Jugend mehr gegeben.<br>Seither sind wir kontinuierlich gewachsen und es ist uns, durch gro\u00dfen ehrenamtlichen Einsatz und gro\u00dfz\u00fcgiger Sponsoren gelungen, eine durchstrukturierte Jugendabteilung aufzubauen. Kinder aus Schaufenberg haben wieder eine sportliche Perspektive im Ort. Sie m\u00fcssen nicht mehr in die Nachbarorte fahren um sich sportlich zu bet\u00e4tigen.<br>Neben dem Sportlichen ist uns auch die soziale Komponente der Jugendarbeit wichtig. Fu\u00dfball f\u00f6rdert Teamgeist, Fairness und Zusammenhalt \u2013 Werte, die unsere Jugendlichen nicht nur auf dem Platz, sondern auch im Alltag pr\u00e4gen sollen.<br>Wir hoffen diese Entwicklung in den n\u00e4chsten Jahren fortsetzen zu k\u00f6nnen, denn<br>Jugendarbeit wird bei uns gro\u00df geschrieben!<\/p>\n<p>&nbsp;<\/p>\n\n\n\n\n\n<figure class=\"wp-block-image size-large\"><a href=\"http:\/\/gws1930.de\/SVGWS\/wp-content\/uploads\/2023\/07\/IMG_3423-scaled.jpg\"><img loading=\"lazy\" decoding=\"async\" width=\"1024\" height=\"683\" src=\"http:\/\/gws1930.de\/SVGWS\/wp-content\/uploads\/2023\/07\/IMG_3423-1024x683.jpg\" alt=\"\" class=\"wp-image-1758\" srcset=\"http:\/\/gws1930.de\/SVGWS\/wp-content\/uploads\/2023\/07\/IMG_3423-1024x683.jpg 1024w, http:\/\/gws1930.de\/SVGWS\/wp-content\/uploads\/2023\/07\/IMG_3423-300x200.jpg 300w, http:\/\/gws1930.de\/SVGWS\/wp-content\/uploads\/2023\/07\/IMG_3423-768x512.jpg 768w, http:\/\/gws1930.de\/SVGWS\/wp-content\/uploads\/2023\/07\/IMG_3423-1536x1024.jpg 1536w, http:\/\/gws1930.de\/SVGWS\/wp-content\/uploads\/2023\/07\/IMG_3423-2048x1365.jpg 2048w\" sizes=\"auto, (max-width: 1024px) 100vw, 1024px\" \/><\/a><\/figure>\n\n\n\n<figure class=\"wp-block-image size-large\"><a href=\"http:\/\/gws1930.de\/SVGWS\/wp-content\/uploads\/2023\/07\/IMG_3431-scaled.jpg\"><img loading=\"lazy\" decoding=\"async\" width=\"1024\" height=\"683\" src=\"http:\/\/gws1930.de\/SVGWS\/wp-content\/uploads\/2023\/07\/IMG_3431-1024x683.jpg\" alt=\"\" class=\"wp-image-1759\" srcset=\"http:\/\/gws1930.de\/SVGWS\/wp-content\/uploads\/2023\/07\/IMG_3431-1024x683.jpg 1024w, http:\/\/gws1930.de\/SVGWS\/wp-content\/uploads\/2023\/07\/IMG_3431-300x200.jpg 300w, http:\/\/gws1930.de\/SVGWS\/wp-content\/uploads\/2023\/07\/IMG_3431-768x512.jpg 768w, http:\/\/gws1930.de\/SVGWS\/wp-content\/uploads\/2023\/07\/IMG_3431-1536x1024.jpg 1536w, http:\/\/gws1930.de\/SVGWS\/wp-content\/uploads\/2023\/07\/IMG_3431-2048x1365.jpg 2048w\" sizes=\"auto, (max-width: 1024px) 100vw, 1024px\" \/><\/a><\/figure>\n","protected":false},"excerpt":{"rendered":"<p>Hier m\u00f6chten wir Euch unsere Jugendabteilung vorstellen.Betreut von insgesamt 14 ehrenamtlichen Betreuern &amp; Betreuerinnen umfasst unsere Jugendabteilung, verteilt \u00fcber die Altersklassen U7 (Bambinis), U9 (F-Jugend), U13 (D-Jugend) in einer Spielgemeinschaft mit Viktoria Kleingladbach, sowie 2 M\u00e4dchenmannschaften bei der U13 und der U11, aktuell \u00fcber 80 aktive Kinder.In den zur\u00fcckliegenden 4 Jahren l\u00e4sst sich die Entwicklung &hellip; <a href=\"http:\/\/gws1930.de\/SVGWS\/?page_id=1582\" class=\"more-link\"><span class=\"screen-reader-text\">Jugend<\/span> weiterlesen <span class=\"meta-nav\">&rarr;<\/span><\/a><\/p>\n","protected":false},"author":3,"featured_media":0,"parent":0,"menu_order":0,"comment_status":"closed","ping_status":"closed","template":"","meta":{"ngg_post_thumbnail":0,"footnotes":""},"class_list":["post-1582","page","type-page","status-publish","hentry"],"_links":{"self":[{"href":"http:\/\/gws1930.de\/SVGWS\/index.php?rest_route=\/wp\/v2\/pages\/1582","targetHints":{"allow":["GET"]}}],"collection":[{"href":"http:\/\/gws1930.de\/SVGWS\/index.php?rest_route=\/wp\/v2\/pages"}],"about":[{"href":"http:\/\/gws1930.de\/SVGWS\/index.php?rest_route=\/wp\/v2\/types\/page"}],"author":[{"embeddable":true,"href":"http:\/\/gws1930.de\/SVGWS\/index.php?rest_route=\/wp\/v2\/users\/3"}],"replies":[{"embeddable":true,"href":"http:\/\/gws1930.de\/SVGWS\/index.php?rest_route=%2Fwp%2Fv2%2Fcomments&post=1582"}],"version-history":[{"count":3,"href":"http:\/\/gws1930.de\/SVGWS\/index.php?rest_route=\/wp\/v2\/pages\/1582\/revisions"}],"predecessor-version":[{"id":1850,"href":"http:\/\/gws1930.de\/SVGWS\/index.php?rest_route=\/wp\/v2\/pages\/1582\/revisions\/1850"}],"wp:attachment":[{"href":"http:\/\/gws1930.de\/SVGWS\/index.php?rest_route=%2Fwp%2Fv2%2Fmedia&parent=1582"}],"curies":[{"name":"wp","href":"https:\/\/api.w.org\/{rel}","templated":true}]}}